{"id":238,"date":"2017-01-05T12:41:23","date_gmt":"2017-01-05T12:41:23","guid":{"rendered":"http:\/\/home.architektgieskes.de\/?page_id=238"},"modified":"2017-01-30T08:26:18","modified_gmt":"2017-01-30T08:26:18","slug":"lars-w-gieskes","status":"publish","type":"page","link":"http:\/\/home.architektgieskes.de\/?page_id=238","title":{"rendered":"Lars W. Gieskes"},"content":{"rendered":"<p><img loading=\"lazy\" decoding=\"async\" class=\"alignnone size-full wp-image-1599\" src=\"http:\/\/home.architektgieskes.de\/wp-content\/uploads\/2017\/01\/Lars-W.-Gieskes-1-e1485764442755.jpg\" alt=\"\" width=\"228\" height=\"228\" \/><\/p>\n<p>&nbsp;<\/p>\n<p>Geboren am 10.12.1967 in Gelsenkirchen-Resse<\/p>\n<p>Verheiratet mit Gabriele Gieskes, Lehrerin f\u00fcr Pflegeberufe<\/p>\n<p>Gemeinsamer Sohn Lasse Gieskes<\/p>\n<p>1984- 1988 Ausbildung Energieanlagenelektroniker Thyssen Henrichsh\u00fctte Hattingen<\/p>\n<p>1988 Betriebselektriker Thyssen Henrichsh\u00fctte Hattingen<\/p>\n<p>1988- 1989 Fachoberschule f\u00fcr Elektrotechnik<\/p>\n<p>1989-1991 Zivildienst AWO Seniorenheim Grenzstra\u00dfe Gelsenkirchen<\/p>\n<p>1991-1997 Studium FH Dortmund \/ Abschluss Diplom-Ingenieur Hochbau<\/p>\n<p>1997-2007 Architekt \/ Projektleiter bei Rauh-Damm-Stiller \/ Hattingen<\/p>\n<p>Seit 1999 Mitglied in der Architektenkammer<\/p>\n<p>2007-2015 Architekt \/ Stellv. Gesch\u00e4ftsleitung bei stillerarchitekten \/ Hattingen<\/p>\n<p>Seit dem 01.04.2015 Selbstst\u00e4ndig als Architekt<\/p>\n<p>Seit dem 01.01.2016 Gesch\u00e4ftsf\u00fchrer der eigenen Planungsgesellschaft mbH<\/p>\n","protected":false},"excerpt":{"rendered":"<p>&nbsp; Geboren am 10.12.1967 in Gelsenkirchen-Resse Verheiratet mit Gabriele Gieskes, Lehrerin f\u00fcr Pflegeberufe Gemeinsamer Sohn Lasse Gieskes 1984- 1988 Ausbildung Energieanlagenelektroniker Thyssen Henrichsh\u00fctte Hattingen 1988 Betriebselektriker Thyssen Henrichsh\u00fctte Hattingen 1988- &#8230;<\/p>\n","protected":false},"author":1,"featured_media":0,"parent":0,"menu_order":0,"comment_status":"closed","ping_status":"closed","template":"","meta":{"footnotes":""},"class_list":["post-238","page","type-page","status-publish","hentry"],"_links":{"self":[{"href":"http:\/\/home.architektgieskes.de\/index.php?rest_route=\/wp\/v2\/pages\/238","targetHints":{"allow":["GET"]}}],"collection":[{"href":"http:\/\/home.architektgieskes.de\/index.php?rest_route=\/wp\/v2\/pages"}],"about":[{"href":"http:\/\/home.architektgieskes.de\/index.php?rest_route=\/wp\/v2\/types\/page"}],"author":[{"embeddable":true,"href":"http:\/\/home.architektgieskes.de\/index.php?rest_route=\/wp\/v2\/users\/1"}],"replies":[{"embeddable":true,"href":"http:\/\/home.architektgieskes.de\/index.php?rest_route=%2Fwp%2Fv2%2Fcomments&post=238"}],"version-history":[{"count":5,"href":"http:\/\/home.architektgieskes.de\/index.php?rest_route=\/wp\/v2\/pages\/238\/revisions"}],"predecessor-version":[{"id":1602,"href":"http:\/\/home.architektgieskes.de\/index.php?rest_route=\/wp\/v2\/pages\/238\/revisions\/1602"}],"wp:attachment":[{"href":"http:\/\/home.architektgieskes.de\/index.php?rest_route=%2Fwp%2Fv2%2Fmedia&parent=238"}],"curies":[{"name":"wp","href":"https:\/\/api.w.org\/{rel}","templated":true}]}}